{"id":389,"date":"2026-04-08T21:38:04","date_gmt":"2026-04-08T19:38:04","guid":{"rendered":"https:\/\/www.vogelbeere-pfaffenwinkel.de\/?page_id=389"},"modified":"2026-04-12T21:15:51","modified_gmt":"2026-04-12T19:15:51","slug":"elementor-389","status":"publish","type":"page","link":"https:\/\/www.vogelbeere-pfaffenwinkel.de\/?page_id=389","title":{"rendered":"Zimmer"},"content":{"rendered":"\t\t<div data-elementor-type=\"wp-page\" data-elementor-id=\"389\" class=\"elementor elementor-389\" data-elementor-post-type=\"page\">\n\t\t\t\t\t\t<div class=\"elementor-element elementor-element-7e37cbc8 e-con e-atomic-element e-flexbox-base\" data-id=\"7e37cbc8\" data-element_type=\"e-flexbox\" data-e-type=\"e-flexbox\" data-interaction-id=\"7e37cbc8\" id=\"Zimmer\">\n\t\t\t\t<div class=\"elementor-element elementor-element-70b373c elementor-widget__width-inherit elementor-widget elementor-widget-text-editor\" data-id=\"70b373c\" data-element_type=\"widget\" data-e-type=\"widget\" id=\"#Zimmer\" data-widget_type=\"text-editor.default\">\n\t\t\t\t\t\t\t\t\t<h1><span style=\"color: #975a2f;\"><strong>Unsere Zimmer<\/strong><\/span><\/h1>\n<p><!-- \/wp:paragraph --><!-- wp:paragraph --><\/p>\n<p><!-- \/wp:paragraph --><\/p>\t\t\t\t\t\t\t\t<\/div>\n\t\t\t\t<\/div>\n\t\t<div class=\"elementor-element elementor-element-5d4c191a e-con-full e-flex e-con e-parent\" data-id=\"5d4c191a\" data-element_type=\"container\" data-e-type=\"container\">\n\t\t\t\t<div class=\"elementor-element elementor-element-192cfb16 elementor-widget elementor-widget-text-editor\" data-id=\"192cfb16\" data-element_type=\"widget\" data-e-type=\"widget\" data-widget_type=\"text-editor.default\">\n\t\t\t\t\t\t\t\t\t<p>Unsere Zimmer tragen Vogelnamen und sind farblich danach abgestimmt.<br \/>Alle 3 R\u00e4ume sind ausgestattet mit:<\/p><ul><li>Doppelbett mit komfortablem Schlafsystem<\/li><li>WLAN<\/li><li>Fernsehen \u00fcber Satellit oder Mediathek<\/li><li>hygienischer Parkettboden<\/li><li>Textilscreens zur Beschattung<\/li><li>Balkon mit Bestuhlung<\/li><li>Bad mit Dusche<\/li><li style=\"list-style-type: none;\"><ul><li style=\"list-style-type: none;\"><ul><li style=\"list-style-type: none;\"><ul><li style=\"list-style-type: none;\"><ul><li style=\"list-style-type: none;\">\u00a0<\/li><\/ul><\/li><\/ul><\/li><\/ul><\/li><\/ul><\/li><\/ul><p style=\"padding-left: 40px;\">Unsere <strong>Zimmerpreise<\/strong> f\u00fcr das<strong> Jahr 2026<\/strong>, inklusive Fr\u00fchst\u00fcck:<\/p><p>Belegung mit 2 Personen\u00a0 \u00a0<strong>120 \u20ac<\/strong><br \/>Belegung mit 1 Person\u00a0 \u00a0 \u00a0 \u00a0 \u00a0 <strong>90\u00a0\u20ac<\/strong><\/p>\t\t\t\t\t\t\t\t<\/div>\n\t\t\t\t<\/div>\n\t\t<div class=\"elementor-element elementor-element-1c9ef303 e-flex e-con-boxed e-con e-parent\" data-id=\"1c9ef303\" data-element_type=\"container\" data-e-type=\"container\" id=\"Amsel\">\n\t\t\t\t\t<div class=\"e-con-inner\">\n\t\t\t\t<div class=\"elementor-element elementor-element-5d4702cf elementor-widget__width-inherit elementor-widget elementor-widget-text-editor\" data-id=\"5d4702cf\" data-element_type=\"widget\" data-e-type=\"widget\" id=\"Amsel\" data-widget_type=\"text-editor.default\">\n\t\t\t\t\t\t\t\t\t<h1><span style=\"color: #975a2f;\"><strong>Amsel<\/strong><\/span><\/h1>\n<p><!-- \/wp:paragraph --><!-- wp:paragraph --><\/p>\n<p><!-- \/wp:paragraph --><\/p>\t\t\t\t\t\t\t\t<\/div>\n\t\t\t\t<div class=\"elementor-element elementor-element-6e6c712a elementor-widget elementor-widget-image\" data-id=\"6e6c712a\" data-element_type=\"widget\" data-e-type=\"widget\" data-widget_type=\"image.default\">\n\t\t\t\t\t\t\t\t\t\t\t\t\t\t\t<img decoding=\"async\" src=\"https:\/\/www.vogelbeere-pfaffenwinkel.de\/wp-content\/uploads\/2025\/08\/Vogelbeere-Hohenpeissenberg_Zimmer-1_01-1.jpg\" title=\"Vogelbeere-Hohenpeissenberg_Zimmer-1_01\" alt=\"Vogelbeere-Hohenpeissenberg_Zimmer-1_01\" loading=\"lazy\" \/>\t\t\t\t\t\t\t\t\t\t\t\t\t\t\t<\/div>\n\t\t\t\t<div class=\"elementor-element elementor-element-54da56f8 elementor-widget__width-initial elementor-widget elementor-widget-image\" data-id=\"54da56f8\" data-element_type=\"widget\" data-e-type=\"widget\" data-widget_type=\"image.default\">\n\t\t\t\t\t\t\t\t\t\t\t\t\t\t\t<img decoding=\"async\" src=\"https:\/\/www.vogelbeere-pfaffenwinkel.de\/wp-content\/uploads\/2025\/08\/Vogelbeere-Hohenpeissenberg_Zimmer-1_08-1-scaled.webp\" title=\"Vogelbeere-Hohenpeissenberg_Zimmer-1_08\" alt=\"Vogelbeere-Hohenpeissenberg_Zimmer-1_08\" loading=\"lazy\" \/>\t\t\t\t\t\t\t\t\t\t\t\t\t\t\t<\/div>\n\t\t\t\t<div class=\"elementor-element elementor-element-4a543a75 elementor-widget elementor-widget-image\" data-id=\"4a543a75\" data-element_type=\"widget\" data-e-type=\"widget\" data-widget_type=\"image.default\">\n\t\t\t\t\t\t\t\t\t\t\t\t\t\t\t<img decoding=\"async\" src=\"https:\/\/www.vogelbeere-pfaffenwinkel.de\/wp-content\/uploads\/2025\/08\/Vogelbeere-Hohenpeissenberg_Zimmer-1_09-1.jpg\" title=\"Vogelbeere-Hohenpeissenberg_Zimmer-1_09\" alt=\"Vogelbeere-Hohenpeissenberg_Zimmer-1_09\" loading=\"lazy\" \/>\t\t\t\t\t\t\t\t\t\t\t\t\t\t\t<\/div>\n\t\t\t\t<div class=\"elementor-element elementor-element-1eab89af elementor-widget elementor-widget-text-editor\" data-id=\"1eab89af\" data-element_type=\"widget\" data-e-type=\"widget\" data-widget_type=\"text-editor.default\">\n\t\t\t\t\t\t\t\t\t<p>Das Zimmer <em>Amsel<\/em> hat einen Blick auf den Hohenpei\u00dfenberg und die Walfahrtskirche.<br \/>Ausrichtung West, mit Abendsonne.<\/p>\t\t\t\t\t\t\t\t<\/div>\n\t\t\t\t\t<\/div>\n\t\t\t\t<\/div>\n\t\t<div class=\"elementor-element elementor-element-6e39fbed e-flex e-con-boxed e-con e-parent\" data-id=\"6e39fbed\" data-element_type=\"container\" data-e-type=\"container\">\n\t\t\t\t\t<div class=\"e-con-inner\">\n\t\t\t\t<div class=\"elementor-element elementor-element-eb129f4 elementor-widget__width-inherit elementor-widget elementor-widget-text-editor\" data-id=\"eb129f4\" data-element_type=\"widget\" data-e-type=\"widget\" data-widget_type=\"text-editor.default\">\n\t\t\t\t\t\t\t\t\t<h1><span style=\"color: #975a2f;\"><strong>Nachtigall<\/strong><\/span><\/h1><p><!-- \/wp:paragraph --><!-- wp:paragraph --><\/p><p><!-- \/wp:paragraph --><\/p>\t\t\t\t\t\t\t\t<\/div>\n\t\t\t\t<div class=\"elementor-element elementor-element-5a881f9d elementor-widget elementor-widget-image\" data-id=\"5a881f9d\" data-element_type=\"widget\" data-e-type=\"widget\" data-widget_type=\"image.default\">\n\t\t\t\t\t\t\t\t\t\t\t\t\t\t\t<img decoding=\"async\" src=\"https:\/\/www.vogelbeere-pfaffenwinkel.de\/wp-content\/uploads\/2025\/08\/Vogelbeere-Hohenpeissenberg_Zimmer-3_01-2.jpg\" title=\"Vogelbeere-Hohenpeissenberg_Zimmer-3_01\" alt=\"Vogelbeere-Hohenpeissenberg_Zimmer-3_01\" loading=\"lazy\" \/>\t\t\t\t\t\t\t\t\t\t\t\t\t\t\t<\/div>\n\t\t\t\t\t<\/div>\n\t\t\t\t<\/div>\n\t\t<div class=\"elementor-element elementor-element-3e27e662 e-flex e-con-boxed e-con e-parent\" data-id=\"3e27e662\" data-element_type=\"container\" data-e-type=\"container\">\n\t\t\t\t\t<div class=\"e-con-inner\">\n\t\t\t\t<div class=\"elementor-element elementor-element-43d7641a elementor-widget__width-initial elementor-widget elementor-widget-image\" data-id=\"43d7641a\" data-element_type=\"widget\" data-e-type=\"widget\" data-widget_type=\"image.default\">\n\t\t\t\t\t\t\t\t\t\t\t\t\t\t\t<img decoding=\"async\" src=\"https:\/\/www.vogelbeere-pfaffenwinkel.de\/wp-content\/uploads\/2025\/08\/Vogelbeere-Hohenpeissenberg_Zimmer-3_07-1.jpg\" title=\"Vogelbeere-Hohenpeissenberg_Zimmer-3_07\" alt=\"Vogelbeere-Hohenpeissenberg_Zimmer-3_07\" loading=\"lazy\" \/>\t\t\t\t\t\t\t\t\t\t\t\t\t\t\t<\/div>\n\t\t\t\t<div class=\"elementor-element elementor-element-54d3d46c elementor-widget elementor-widget-image\" data-id=\"54d3d46c\" data-element_type=\"widget\" data-e-type=\"widget\" data-widget_type=\"image.default\">\n\t\t\t\t\t\t\t\t\t\t\t\t\t\t\t<img decoding=\"async\" src=\"https:\/\/www.vogelbeere-pfaffenwinkel.de\/wp-content\/uploads\/2025\/08\/Vogelbeere-Hohenpeissenberg_Zimmer-3_05-1.jpg\" title=\"Vogelbeere-Hohenpeissenberg_Zimmer-3_05\" alt=\"Vogelbeere-Hohenpeissenberg_Zimmer-3_05\" loading=\"lazy\" \/>\t\t\t\t\t\t\t\t\t\t\t\t\t\t\t<\/div>\n\t\t\t\t<div class=\"elementor-element elementor-element-51f0c6cd elementor-widget elementor-widget-text-editor\" data-id=\"51f0c6cd\" data-element_type=\"widget\" data-e-type=\"widget\" data-widget_type=\"text-editor.default\">\n\t\t\t\t\t\t\t\t\t<p>Das Zimmer <em>Nachtigall <\/em>hat einen Blick in den Garten und auf die Berge.<br \/>Ausrichtung Ost, mit Sonne am Morgen.<\/p>\t\t\t\t\t\t\t\t<\/div>\n\t\t\t\t\t<\/div>\n\t\t\t\t<\/div>\n\t\t<div class=\"elementor-element elementor-element-7d9350 e-flex e-con-boxed e-con e-parent\" data-id=\"7d9350\" data-element_type=\"container\" data-e-type=\"container\">\n\t\t\t\t\t<div class=\"e-con-inner\">\n\t\t\t\t<div class=\"elementor-element elementor-element-b19d0bd elementor-widget__width-inherit elementor-widget elementor-widget-text-editor\" data-id=\"b19d0bd\" data-element_type=\"widget\" data-e-type=\"widget\" id=\"#Kleiber\" data-widget_type=\"text-editor.default\">\n\t\t\t\t\t\t\t\t\t<h1><span style=\"color: #975a2f;\"><strong>Kleiber<\/strong><\/span><\/h1>\n<p><!-- \/wp:paragraph --><!-- wp:paragraph --><\/p>\n<p><!-- \/wp:paragraph --><\/p>\t\t\t\t\t\t\t\t<\/div>\n\t\t\t\t\t<\/div>\n\t\t\t\t<\/div>\n\t\t<div class=\"elementor-element elementor-element-646215d3 e-flex e-con-boxed e-con e-parent\" data-id=\"646215d3\" data-element_type=\"container\" data-e-type=\"container\">\n\t\t\t\t\t<div class=\"e-con-inner\">\n\t\t\t\t<div class=\"elementor-element elementor-element-670860a9 elementor-widget elementor-widget-image\" data-id=\"670860a9\" data-element_type=\"widget\" data-e-type=\"widget\" data-widget_type=\"image.default\">\n\t\t\t\t\t\t\t\t\t\t\t\t\t\t\t<img decoding=\"async\" src=\"https:\/\/www.vogelbeere-pfaffenwinkel.de\/wp-content\/uploads\/2025\/08\/Vogelbeere-Hohenpeissenberg_Zimmer-2_01-1.jpg\" title=\"Vogelbeere-Hohenpeissenberg_Zimmer-2_01\" alt=\"Vogelbeere-Hohenpeissenberg_Zimmer-2_01\" loading=\"lazy\" \/>\t\t\t\t\t\t\t\t\t\t\t\t\t\t\t<\/div>\n\t\t\t\t\t<\/div>\n\t\t\t\t<\/div>\n\t\t<div class=\"elementor-element elementor-element-144051c9 e-flex e-con-boxed e-con e-parent\" data-id=\"144051c9\" data-element_type=\"container\" data-e-type=\"container\">\n\t\t\t\t\t<div class=\"e-con-inner\">\n\t\t\t\t<div class=\"elementor-element elementor-element-160576 elementor-widget__width-initial elementor-widget elementor-widget-image\" data-id=\"160576\" data-element_type=\"widget\" data-e-type=\"widget\" data-widget_type=\"image.default\">\n\t\t\t\t\t\t\t\t\t\t\t\t\t\t\t<img decoding=\"async\" src=\"https:\/\/www.vogelbeere-pfaffenwinkel.de\/wp-content\/uploads\/2025\/08\/Vogelbeere-Hohenpeissenberg_Zimmer-2_05-1.jpg\" title=\"Vogelbeere-Hohenpeissenberg_Zimmer-2_05\" alt=\"Vogelbeere-Hohenpeissenberg_Zimmer-2_05\" loading=\"lazy\" \/>\t\t\t\t\t\t\t\t\t\t\t\t\t\t\t<\/div>\n\t\t\t\t<div class=\"elementor-element elementor-element-4f909c54 elementor-widget elementor-widget-image\" data-id=\"4f909c54\" data-element_type=\"widget\" data-e-type=\"widget\" data-widget_type=\"image.default\">\n\t\t\t\t\t\t\t\t\t\t\t\t\t\t\t<img decoding=\"async\" src=\"https:\/\/www.vogelbeere-pfaffenwinkel.de\/wp-content\/uploads\/2025\/08\/Vogelbeere-Hohenpeissenberg_Zimmer-2_07-1.jpg\" title=\"Vogelbeere-Hohenpeissenberg_Zimmer-2_07\" alt=\"Vogelbeere-Hohenpeissenberg_Zimmer-2_07\" loading=\"lazy\" \/>\t\t\t\t\t\t\t\t\t\t\t\t\t\t\t<\/div>\n\t\t\t\t<div class=\"elementor-element elementor-element-24071e47 elementor-widget elementor-widget-text-editor\" data-id=\"24071e47\" data-element_type=\"widget\" data-e-type=\"widget\" data-widget_type=\"text-editor.default\">\n\t\t\t\t\t\t\t\t\t<p>Im Zimmer <em>Kleiber <\/em>sehen Sie bei klaren Verh\u00e4ltnissen das Ammergebirge und die Zugspitze.<br \/>Ausrichtung West, mit Abendsonne.<\/p>\t\t\t\t\t\t\t\t<\/div>\n\t\t\t\t\t<\/div>\n\t\t\t\t<\/div>\n\t\t\t\t<\/div>\n\t\t","protected":false},"excerpt":{"rendered":"<p>Unsere Zimmer Unsere Zimmer tragen Vogelnamen und sind farblich danach abgestimmt.Alle 3 R\u00e4ume sind ausgestattet mit: Doppelbett mit komfortablem Schlafsystem WLAN Fernsehen \u00fcber Satellit oder Mediathek hygienischer Parkettboden Textilscreens zur Beschattung Balkon mit Bestuhlung Bad mit Dusche \u00a0 Unsere Zimmerpreise f\u00fcr das Jahr 2026, inklusive Fr\u00fchst\u00fcck: Belegung mit 2 Personen\u00a0 \u00a0120 \u20acBelegung mit 1 Person\u00a0 [&hellip;]<\/p>\n","protected":false},"author":1,"featured_media":0,"parent":0,"menu_order":0,"comment_status":"closed","ping_status":"closed","template":"","meta":{"footnotes":""},"class_list":["post-389","page","type-page","status-publish","hentry"],"_links":{"self":[{"href":"https:\/\/www.vogelbeere-pfaffenwinkel.de\/index.php?rest_route=\/wp\/v2\/pages\/389","targetHints":{"allow":["GET"]}}],"collection":[{"href":"https:\/\/www.vogelbeere-pfaffenwinkel.de\/index.php?rest_route=\/wp\/v2\/pages"}],"about":[{"href":"https:\/\/www.vogelbeere-pfaffenwinkel.de\/index.php?rest_route=\/wp\/v2\/types\/page"}],"author":[{"embeddable":true,"href":"https:\/\/www.vogelbeere-pfaffenwinkel.de\/index.php?rest_route=\/wp\/v2\/users\/1"}],"replies":[{"embeddable":true,"href":"https:\/\/www.vogelbeere-pfaffenwinkel.de\/index.php?rest_route=%2Fwp%2Fv2%2Fcomments&post=389"}],"version-history":[{"count":55,"href":"https:\/\/www.vogelbeere-pfaffenwinkel.de\/index.php?rest_route=\/wp\/v2\/pages\/389\/revisions"}],"predecessor-version":[{"id":489,"href":"https:\/\/www.vogelbeere-pfaffenwinkel.de\/index.php?rest_route=\/wp\/v2\/pages\/389\/revisions\/489"}],"wp:attachment":[{"href":"https:\/\/www.vogelbeere-pfaffenwinkel.de\/index.php?rest_route=%2Fwp%2Fv2%2Fmedia&parent=389"}],"curies":[{"name":"wp","href":"https:\/\/api.w.org\/{rel}","templated":true}]}}