{"id":3,"date":"2025-08-20T19:56:04","date_gmt":"2025-08-20T17:56:04","guid":{"rendered":"https:\/\/vogelbeere-pfaffenwinkel.de\/?page_id=3"},"modified":"2026-04-06T11:50:30","modified_gmt":"2026-04-06T09:50:30","slug":"datenschutzerklaerung","status":"publish","type":"page","link":"https:\/\/www.vogelbeere-pfaffenwinkel.de\/?page_id=3","title":{"rendered":"Datenschutzerkl\u00e4rung"},"content":{"rendered":"\t\t<div data-elementor-type=\"wp-page\" data-elementor-id=\"3\" class=\"elementor elementor-3\" data-elementor-post-type=\"page\">\n\t\t\t\t<div class=\"elementor-element elementor-element-5c8c16af e-flex e-con-boxed e-con e-parent\" data-id=\"5c8c16af\" data-element_type=\"container\" data-e-type=\"container\">\n\t\t\t\t\t<div class=\"e-con-inner\">\n\t\t\t\t<div class=\"elementor-element elementor-element-2c7dccdd elementor-widget elementor-widget-text-editor\" data-id=\"2c7dccdd\" data-element_type=\"widget\" data-e-type=\"widget\" data-widget_type=\"text-editor.default\">\n\t\t\t\t\t\t\t\t\t\n<h2 class=\"wp-block-heading\">Wer wir sind<\/h2>\n\n<p><span style=\"color: #339966;\">Die Adresse unserer Website ist: https:\/\/www.vogelbeere-pfaffenwinkel.de.<\/span><\/p>\n\n<h2 class=\"wp-block-heading\">E-Mails<\/h2>\n\n<p><span style=\"color: #339966;\">Wir speichern aussschlie\u00dflich E-Mails zur Abwicklung von Buchungen.<\/span><\/p>\n\n<h2 class=\"wp-block-heading\">Mit wem wir deine Daten teilen<\/h2>\n\n<p><span style=\"color: #339966;\">Wir teilen deine Daten nicht.<\/span><\/p>\n\n<h2 class=\"wp-block-heading\">Wie lange wir deine Daten speichern<\/h2>\n\n<p><span style=\"color: #339966;\">Wir speichern Daten solange wie die gesetzliche Aufbewahrungsfrist f\u00fcr Steuerunterlagen ist.<\/span><\/p>\n\n<h2 class=\"wp-block-heading\">Wohin deine Daten gesendet werden<\/h2>\n<p><span style=\"color: #339966;\"><\/span><\/p>\n<p><span style=\"color: #339966;\">Daten werden nicht weitergesendet.<\/span><\/p>\n<h2>\u00a0<\/h2>\n<h2 class=\"wp-block-heading\">Im Detail:<\/h2>\n<div class=\"flex max-w-full flex-col grow\">\n<div class=\"min-h-8 text-message relative flex w-full flex-col items-end gap-2 text-start break-words whitespace-normal [.text-message+&amp;]:mt-1\" dir=\"auto\" data-message-author-role=\"assistant\" data-message-id=\"7b7edfff-99ef-4df3-8592-ff0bec4bc422\" data-message-model-slug=\"gpt-5-2\">\n<div class=\"flex w-full flex-col gap-1 empty:hidden first:pt-[1px]\">\n<div class=\"markdown prose dark:prose-invert w-full break-words light markdown-new-styling\">\n<p data-start=\"562\" data-end=\"596\">1. Datenschutz auf einen Blick<\/p>\n<p data-start=\"598\" data-end=\"815\">Der Schutz Ihrer pers\u00f6nlichen Daten ist uns ein besonderes Anliegen.<br data-start=\"666\" data-end=\"669\" \/>Personenbezogene Daten werden auf dieser Website nur im notwendigen Umfang und gem\u00e4\u00df den gesetzlichen Datenschutzvorschriften (DSGVO) verarbeitet.<\/p>\n<hr data-start=\"817\" data-end=\"820\" \/>\n<p data-start=\"822\" data-end=\"845\">2. Verantwortlicher<\/p>\n<p data-start=\"847\" data-end=\"911\">Verantwortlich f\u00fcr die Datenverarbeitung auf dieser Website ist:<\/p>\n<p data-start=\"913\" data-end=\"1048\"><strong data-start=\"913\" data-end=\"953\">Friedrich Taschner<\/strong><br data-start=\"953\" data-end=\"956\" \/><strong data-start=\"956\" data-end=\"969\">Schendrichweg 6<\/strong><br data-start=\"969\" data-end=\"972\" \/><strong data-start=\"972\" data-end=\"986\">82838 Hohenpei\u00dfenberg<\/strong><br data-start=\"986\" data-end=\"989\" \/><strong data-start=\"989\" data-end=\"1001\">Telefon:<\/strong> 08805 \/ 92 19 418<br data-start=\"1017\" data-end=\"1020\" \/><strong data-start=\"1020\" data-end=\"1031\">E-Mail:<\/strong> mail@vogelbeere-pfaffenwinkel.de<\/p>\n<hr data-start=\"1050\" data-end=\"1053\" \/>\n<p data-start=\"1055\" data-end=\"1110\">3. Erhebung und Speicherung personenbezogener Daten<\/p>\n<p data-start=\"1112\" data-end=\"1143\">a) Beim Besuch der Website<\/p>\n<p>Beim Aufrufen unserer Website werden automatisch folgende Daten erfasst:<\/p>\n<p>&#8211; IP-Adresse<br \/>&#8211; Datum und Uhrzeit der Anfrage<br \/>&#8211; Browsertyp und -version<br \/>&#8211; Betriebssystem<br \/>&#8211; Referrer-URL<\/p>\n<p data-start=\"1332\" data-end=\"1463\">Diese Daten dienen der <strong data-start=\"1355\" data-end=\"1402\">Sicherstellung eines reibungslosen Betriebs<\/strong> und werden nicht zur Identifikation deiner Person verwendet.<\/p>\n<p data-start=\"1465\" data-end=\"1512\"><strong data-start=\"1465\" data-end=\"1485\">Rechtsgrundlage:<\/strong> Art. 6 Abs. 1 lit. f DSGVO<\/p>\n<hr data-start=\"1514\" data-end=\"1517\" \/>\n<p data-start=\"1519\" data-end=\"1560\">b) Bei Nutzung des Buchungsformulars<\/p>\n<p data-start=\"1562\" data-end=\"1640\">Wenn Sie \u00fcber unsere Website ein Zimmer buchen, verarbeiten wir folgende Daten:<\/p>\n<p data-start=\"1644\" data-end=\"1663\">&#8211; Vor- und Nachname<br \/>&#8211; Adresse, sofern mitgeteilt<br \/>&#8211; E-Mail-Adresse<br \/>&#8211; Telefonnummer<br \/>&#8211; Buchungsdaten (An- und Abreise, Zimmerart, Anzahl der Personen)<br \/>&#8211; ggf. besondere W\u00fcnsche oder Hinweise<\/p>\n<p data-start=\"1823\" data-end=\"1902\">Diese Daten werden ausschlie\u00dflich zur <strong data-start=\"1861\" data-end=\"1891\">Bearbeitung deiner Buchung<\/strong> verwendet.<\/p>\n<p data-start=\"1904\" data-end=\"1971\"><strong data-start=\"1904\" data-end=\"1924\">Rechtsgrundlage:<\/strong> Art. 6 Abs. 1 lit. b DSGVO (Vertragserf\u00fcllung)<\/p>\n<hr data-start=\"1973\" data-end=\"1976\" \/>\n<p data-start=\"1978\" data-end=\"2000\">4. Kontaktaufnahme<\/p>\n<p data-start=\"2002\" data-end=\"2187\">Wenn Sie uns per E-Mail oder Kontaktformular kontaktieren, werden Ihre Angaben gespeichert, um die Anfrage zu bearbeiten.<br data-start=\"2125\" data-end=\"2128\" \/>Diese Daten geben wir nicht weiter.<\/p>\n<p data-start=\"2189\" data-end=\"2247\"><strong data-start=\"2189\" data-end=\"2209\">Rechtsgrundlage:<\/strong> Art. 6 Abs. 1 lit. b und lit. f DSGVO<\/p>\n<hr data-start=\"2249\" data-end=\"2252\" \/>\n<p data-start=\"2254\" data-end=\"2281\">5. Weitergabe von Daten<\/p>\n<p data-start=\"2283\" data-end=\"2361\">Deine personenbezogenen Daten werden <strong data-start=\"2320\" data-end=\"2353\">nicht an Dritte weitergegeben.<\/strong><\/p>\n<hr \/>\n<p data-start=\"2283\" data-end=\"2361\">6. Cookies<\/p>\n<p data-start=\"2511\" data-end=\"2623\">Unsere Website verwendet Cookies.<br data-start=\"2544\" data-end=\"2547\" \/>Cookies sind kleine Textdateien, die auf deinem Endger\u00e4t gespeichert werden.<\/p>\n<p data-start=\"2511\" data-end=\"2623\">&#8211; <strong data-start=\"2627\" data-end=\"2650\">Notwendige Cookies:<\/strong> f\u00fcr die Funktion der Website<br \/>&#8211; <strong data-start=\"2684\" data-end=\"2722\">Optionale Cookies (z. B. Analyse):<\/strong> nur mit Einwilligung<\/p>\n<p data-start=\"2745\" data-end=\"2824\"><strong data-start=\"2745\" data-end=\"2765\">Rechtsgrundlage:<\/strong> Art. 6 Abs. 1 lit. f DSGVO bzw. Art. 6 Abs. 1 lit. a DSGVO<\/p>\n<hr data-start=\"2826\" data-end=\"2829\" \/>\n<p data-start=\"2831\" data-end=\"2845\">7. Hosting<\/p>\n<p data-start=\"2847\" data-end=\"2880\">Unsere Website wird gehostet bei:<\/p>\n<p data-start=\"2882\" data-end=\"2944\"><strong data-start=\"2882\" data-end=\"2914\">Cloud86<\/strong><br data-start=\"2914\" data-end=\"2917\" \/>Leipziger Platz 15<br \/>10117 Berlin<\/p>\n<p data-start=\"2946\" data-end=\"3076\">Der Hosting-Anbieter verarbeitet personenbezogene Daten nur im Rahmen eines <strong data-start=\"3022\" data-end=\"3075\">Auftragsverarbeitungsvertrags gem\u00e4\u00df Art. 28 DSGVO<\/strong>.<\/p>\n<hr data-start=\"3078\" data-end=\"3081\" \/>\n<p data-start=\"3083\" data-end=\"3103\">8. Speicherdauer<\/p>\n<p data-start=\"3105\" data-end=\"3255\">Wir speichern personenbezogene Daten nur so lange, wie dies f\u00fcr die jeweiligen Zwecke erforderlich ist oder gesetzliche Aufbewahrungsfristen bestehen.<\/p>\n<hr data-start=\"3257\" data-end=\"3260\" \/>\n<p data-start=\"3262\" data-end=\"3281\">9. Deine Rechte<\/p>\n<p data-start=\"3283\" data-end=\"3315\">Sie haben jederzeit das Recht auf:<\/p>\n<p data-start=\"3283\" data-end=\"3315\">&#8211; Auskunft \u00fcber deine gespeicherten Daten (Art. 15 DSGVO)<br \/>&#8211; Berichtigung unrichtiger Daten (Art. 16 DSGVO)<br \/>&#8211; L\u00f6schung deiner Daten (Art. 17 DSGVO)<br \/>&#8211; Einschr\u00e4nkung der Verarbeitung (Art. 18 DSGVO)<br \/>&#8211; Daten\u00fcbertragbarkeit (Art. 20 DSGVO)<br \/>&#8211; Widerspruch gegen die Verarbeitung (Art. 21 DSGVO)<\/p>\n<hr data-start=\"3616\" data-end=\"3619\" \/>\n<p data-start=\"3621\" data-end=\"3644\">10. Beschwerderecht<\/p>\n<p data-start=\"3646\" data-end=\"3723\">Du hast das Recht, dich bei einer Datenschutz-Aufsichtsbeh\u00f6rde zu beschweren.<\/p>\n<hr data-start=\"3725\" data-end=\"3728\" \/>\n<p data-start=\"3730\" data-end=\"3767\">11. SSL- bzw. TLS-Verschl\u00fcsselung<\/p>\n<p data-start=\"3769\" data-end=\"3884\">Diese Website nutzt aus Sicherheitsgr\u00fcnden eine SSL- bzw. TLS-Verschl\u00fcsselung, um vertrauliche Inhalte zu sch\u00fctzen.<\/p>\n<hr data-start=\"3886\" data-end=\"3889\" \/>\n<p data-start=\"3891\" data-end=\"3937\">12. \u00c4nderungen dieser Datenschutzerkl\u00e4rung<\/p>\n<p data-start=\"3939\" data-end=\"4088\">Wir behalten uns vor, diese Datenschutzerkl\u00e4rung anzupassen, um sie an aktuelle rechtliche Anforderungen oder \u00c4nderungen unseres Angebots anzupassen<\/p>\n<hr data-start=\"4090\" data-end=\"4093\" \/><\/div>\n<\/div>\n<\/div>\n<\/div>\n\t\t\t\t\t\t\t\t<\/div>\n\t\t\t\t\t<\/div>\n\t\t\t\t<\/div>\n\t\t\t\t<\/div>\n\t\t","protected":false},"excerpt":{"rendered":"<p>Wer wir sind Die Adresse unserer Website ist: https:\/\/www.vogelbeere-pfaffenwinkel.de. E-Mails Wir speichern aussschlie\u00dflich E-Mails zur Abwicklung von Buchungen. Mit wem wir deine Daten teilen Wir teilen deine Daten nicht. Wie lange wir deine Daten speichern Wir speichern Daten solange wie die gesetzliche Aufbewahrungsfrist f\u00fcr Steuerunterlagen ist. Wohin deine Daten gesendet werden Daten werden nicht weitergesendet. [&hellip;]<\/p>\n","protected":false},"author":1,"featured_media":0,"parent":6,"menu_order":5,"comment_status":"closed","ping_status":"closed","template":"","meta":{"footnotes":""},"class_list":["post-3","page","type-page","status-publish","hentry"],"_links":{"self":[{"href":"https:\/\/www.vogelbeere-pfaffenwinkel.de\/index.php?rest_route=\/wp\/v2\/pages\/3","targetHints":{"allow":["GET"]}}],"collection":[{"href":"https:\/\/www.vogelbeere-pfaffenwinkel.de\/index.php?rest_route=\/wp\/v2\/pages"}],"about":[{"href":"https:\/\/www.vogelbeere-pfaffenwinkel.de\/index.php?rest_route=\/wp\/v2\/types\/page"}],"author":[{"embeddable":true,"href":"https:\/\/www.vogelbeere-pfaffenwinkel.de\/index.php?rest_route=\/wp\/v2\/users\/1"}],"replies":[{"embeddable":true,"href":"https:\/\/www.vogelbeere-pfaffenwinkel.de\/index.php?rest_route=%2Fwp%2Fv2%2Fcomments&post=3"}],"version-history":[{"count":5,"href":"https:\/\/www.vogelbeere-pfaffenwinkel.de\/index.php?rest_route=\/wp\/v2\/pages\/3\/revisions"}],"predecessor-version":[{"id":330,"href":"https:\/\/www.vogelbeere-pfaffenwinkel.de\/index.php?rest_route=\/wp\/v2\/pages\/3\/revisions\/330"}],"up":[{"embeddable":true,"href":"https:\/\/www.vogelbeere-pfaffenwinkel.de\/index.php?rest_route=\/wp\/v2\/pages\/6"}],"wp:attachment":[{"href":"https:\/\/www.vogelbeere-pfaffenwinkel.de\/index.php?rest_route=%2Fwp%2Fv2%2Fmedia&parent=3"}],"curies":[{"name":"wp","href":"https:\/\/api.w.org\/{rel}","templated":true}]}}